{"id":225,"date":"2020-10-14T09:02:14","date_gmt":"2020-10-14T07:02:14","guid":{"rendered":"http:\/\/www.schottwien13.at\/?page_id=225"},"modified":"2026-03-09T11:48:58","modified_gmt":"2026-03-09T10:48:58","slug":"dsg","status":"publish","type":"page","link":"http:\/\/www.schottwien13.at\/","title":{"rendered":"Heimseite"},"content":{"rendered":"\n<p>Das ist das schottwien13.at HEIMSEITE. Also die &#8222;homepage&#8220;<\/p>\n\n\n\n<p>schottwien13.at ist haupts\u00e4chlich gedacht als \u00dcbungsseite.<\/p>\n\n\n\n<p><strong>Suchst du sozialen Anschluss? Du kannst im Sport Vieles beitragen und wieder zur\u00fcckbekommen. Der Wiener Leichtathletik-Verband braucht viele engagierte Mitarbeiter, als hochqualifizierte Kampfrichter oder als Assistenten bei Wettk\u00e4mpfen. Viele Arbeiten sind nat\u00fcrlich Computer-unterst\u00fctzt. Bei Interesse w\u00e4hle meinen <a href=\"http:\/\/schottwien13.at\/?page_id=515\">Kontakt<\/a> und schreibe einfach!<\/strong><\/p>\n\n\n\n<p>Wenn du den einen oder anderen Beitrag findest, der f\u00fcr dich passt, soll es mir auch Recht sein.<\/p>\n\n\n\n<p>Wichtig scheint mir der Hinweis, dass &#8222;homepage&#8220; die Bezeichnung der ersten Seite einer Webseite ist. Viele nennen ihre Webseite homepage<span style=\"text-decoration: underline;\"><\/span>. Das ist falsch. <\/p>\n\n\n\n<p>Bitte \u00e4ndern Sie, falls sie das hier lesen und eine Webseite haben, die sie als homepage bezeichnen, &#8222;homepage&#8220; in &#8222;webseite&#8220;. Die homepage bleibt Ihnen eh erhalten, als ERSTE Seite ihrer Webseite!<\/p>\n\n\n\n<p><\/p>\n","protected":false},"excerpt":{"rendered":"<p>Das ist das schottwien13.at HEIMSEITE. Also die &#8222;homepage&#8220; schottwien13.at ist haupts\u00e4chlich gedacht als \u00dcbungsseite. Suchst du sozialen Anschluss? Du kannst im Sport Vieles beitragen und wieder zur\u00fcckbekommen. Der Wiener Leichtathletik-Verband braucht viele engagierte Mitarbeiter, als hochqualifizierte Kampfrichter oder als Assistenten bei Wettk\u00e4mpfen. Viele Arbeiten sind nat\u00fcrlich Computer-unterst\u00fctzt. Bei Interesse w\u00e4hle meinen Kontakt und schreibe einfach!&hellip;&nbsp;<\/p>\n","protected":false},"author":1,"featured_media":0,"parent":0,"menu_order":0,"comment_status":"closed","ping_status":"closed","template":"","meta":{"neve_meta_sidebar":"","neve_meta_container":"","neve_meta_enable_content_width":"","neve_meta_content_width":0,"neve_meta_title_alignment":"","neve_meta_author_avatar":"","neve_post_elements_order":"","neve_meta_disable_header":"","neve_meta_disable_footer":"","neve_meta_disable_title":"","footnotes":""},"class_list":["post-225","page","type-page","status-publish","hentry"],"_links":{"self":[{"href":"http:\/\/www.schottwien13.at\/index.php?rest_route=\/wp\/v2\/pages\/225","targetHints":{"allow":["GET"]}}],"collection":[{"href":"http:\/\/www.schottwien13.at\/index.php?rest_route=\/wp\/v2\/pages"}],"about":[{"href":"http:\/\/www.schottwien13.at\/index.php?rest_route=\/wp\/v2\/types\/page"}],"author":[{"embeddable":true,"href":"http:\/\/www.schottwien13.at\/index.php?rest_route=\/wp\/v2\/users\/1"}],"replies":[{"embeddable":true,"href":"http:\/\/www.schottwien13.at\/index.php?rest_route=%2Fwp%2Fv2%2Fcomments&post=225"}],"version-history":[{"count":15,"href":"http:\/\/www.schottwien13.at\/index.php?rest_route=\/wp\/v2\/pages\/225\/revisions"}],"predecessor-version":[{"id":1451,"href":"http:\/\/www.schottwien13.at\/index.php?rest_route=\/wp\/v2\/pages\/225\/revisions\/1451"}],"wp:attachment":[{"href":"http:\/\/www.schottwien13.at\/index.php?rest_route=%2Fwp%2Fv2%2Fmedia&parent=225"}],"curies":[{"name":"wp","href":"https:\/\/api.w.org\/{rel}","templated":true}]}}